{"id":3389,"date":"2012-10-05T09:37:52","date_gmt":"2012-10-05T08:37:52","guid":{"rendered":"https:\/\/naturkajak.com\/les-dauphins\/"},"modified":"2021-05-25T18:12:27","modified_gmt":"2021-05-25T17:12:27","slug":"les-dauphins","status":"publish","type":"page","link":"https:\/\/naturkajak.com\/zh-hans\/les-dauphins\/","title":{"rendered":"Les dauphins"},"content":{"rendered":"<p>Il existe deux sortes de dauphin que nous rencontrons au Musandam :<\/p>\n<p>Le dauphin \u00e0 bosse : Sousa Chinensi.que l&#8217;on trouve dans la Baie de Sham<\/p>\n<p>et le dauphin Indo-Pacifique que l&#8217;on trouve plut\u00f4t en dehors de la baie<\/p>\n<p>&nbsp;<\/p>\n<p><strong>&nbsp; &nbsp; &nbsp; &nbsp; &nbsp; &nbsp; &nbsp; &nbsp; &nbsp; &nbsp; &nbsp; &nbsp; &nbsp; &nbsp; &nbsp; &nbsp; &nbsp; &nbsp; &nbsp; &nbsp; &nbsp; &nbsp; &nbsp; Le dauphin \u00e0 bosse : Sousa Chinensi.<\/strong><\/p>\n<p>L&#8217;esp\u00e8ce est aussi couramment appel\u00e9e \u00ab Sotalie de Chine \u00bb, \u00ab Dauphin Blanc de Chine \u00bb ou encore<\/p>\n<p>\u00ab Dauphin Rose de Hong-Kong \u00bb.<\/p>\n<p><b>Description <\/b><\/p>\n<p><b>&nbsp;<\/b>Le dauphin \u00e0 bosse est trapu avec un dos fortement arqu\u00e9, qui pr\u00e9sente une bosse plus ou moins marqu\u00e9e, suivant la r\u00e9gion g\u00e9ographique.<\/p>\n<p>Il pr\u00e9sente un rostre fin et long.<\/p>\n<p>Les m\u00e2les peuvent mesurer jusqu\u2019\u00e0 2,7 m et peser 260 kg , tandis que les femelles plus petites atteignent 2,4 m et 170 kg.<\/p>\n<p>La couleur de l\u2019\u00e9piderme&nbsp;d\u00e9pend des populations et de l\u2019\u00e2ge. Elle &nbsp;varie du gris bleut\u00e9 \u00e0 un gris plus clair et va &nbsp;jusqu\u2019au ros\u00e9 voire blanc pour la sous esp\u00e8ce chinoise.<\/p>\n<p>La zone ventrale est souvent plus claire.<\/p>\n<p>Les nouveaux n\u00e9s sont plus fonc\u00e9s que les adultes<\/p>\n<p><b>M\u0153urs et comportement <\/b><\/p>\n<p>Sociable l\u2019esp\u00e8ce se d\u00e9place g\u00e9n\u00e9ralement en groupes de 3 \u00e0 7 individus, qui peuvent atteindre parfois 25 \u00e0 30 dauphins<\/p>\n<p>Une hi\u00e9rarchie est de mise au sein du groupe, qui est compos\u00e9 de dauphins de tout \u00e2ge et sexe.<\/p>\n<p>Le dauphin \u00e0 bosse reste assez farouche et s\u2019approche peu des embarcations. Il est observ\u00e9 de loin lorsqu\u2019il remonte \u00e0 la surface.<\/p>\n<p>Apr\u00e8s plusieurs prises de respiration tous les 20 \u00e0 30&nbsp; secondes, il sonde.<\/p>\n<p>On d\u00e9couvre alors sa nageoire caudale avant qu\u2019il ne plonge en eau profonde, pour r\u00e9apparaitre ensuite un peu plus loin.<\/p>\n<p>Un adulte peut rester immerg\u00e9 de 2 \u00e0 8 minutes.<\/p>\n<p><b>R\u00e9partition g\u00e9ographique<\/b><\/p>\n<p>On retrouve l\u2019esp\u00e8ce&nbsp; de la province du Cap, en Afrique du Sud, jusqu\u2019en Australie, en passant par le golfe persique et les c\u00f4tes asiatiques. Cependant, on consid\u00e8re \u00e0 ce jour que la population serait compos\u00e9e de plusieurs esp\u00e8ces de \u00ab&nbsp;sousa&nbsp;\u00bb.<\/p>\n<p>Le dauphin \u00e0 bosse n\u2019est pas connu pour \u00eatre migrateur, m\u00eame si certains mouvements saisonniers ont \u00e9t\u00e9 constat\u00e9s.<\/p>\n<p><b>Milieu marin <\/b><\/p>\n<p>Le dauphin \u00e0 bosse \u00e9volue dans des eaux chaudes&nbsp;: de 15\u00b0 minimum \u00e0 36 \u00b0 C, peu profondes&nbsp;: 20 m\u00e8tres de pr\u00e9f\u00e9rence, mais rarement au-del\u00e0 de 25 m\u00e8tres.&nbsp; On le retrouve pr\u00e9s des baies, les estuaires, les mangroves ou les r\u00e9cifs.<\/p>\n<p>Il reste pr\u00e9s des rivages mais on le d\u00e9couvre parfois dans les fleuves en fonction des mar\u00e9es.<\/p>\n<p>Des sp\u00e9cimens ont \u00e9t\u00e9 observ\u00e9s en M\u00e9diterran\u00e9e, apr\u00e8s qu\u2019ils aient remont\u00e9 le canal de Suez.<\/p>\n<p>&nbsp;<\/p>\n<p><b>R\u00e9gime alimentaire <\/b><\/p>\n<p><b>&nbsp;<\/b>Le dauphin \u00e0 bosse se nourrit de poissons d&#8217;estuaire et de r\u00e9cifs, de crustac\u00e9s et de mollusques.<\/p>\n<p>Il peut chasser individuellement, mais aussi collectivement. Il se sert alors de l\u2019\u00e9cholocation.<\/p>\n<p>&nbsp;<\/p>\n<p><b>Cycle de vie <\/b><\/p>\n<p><b>&nbsp;<\/b>La long\u00e9vit\u00e9 est d\u2019environ&nbsp; 40 ans.<\/p>\n<p>Le dauphin \u00e0 bosse femelle atteint la maturit\u00e9 sexuelle \u00e0 compter de&nbsp; 10 ans, et les m\u00e2les \u00e0 partir de&nbsp; 13 ans.<\/p>\n<p>Les naissances se produisent au printemps et en \u00e9t\u00e9 apr\u00e8s une gestation de 10 \u00e0 12 mois.<\/p>\n<p>Le petit mesure environ 1 m\u00e8tre pour 15 kg.<\/p>\n<p>Il est sevr\u00e9 vers deux ans m\u00eame s\u2019il est capable de se nourrir d\u2019aliments solides d\u00e8s six mois.<\/p>\n<p>&nbsp;<\/p>\n<p><b>6. Menaces <\/b><\/p>\n<p><b>&nbsp;<\/b>Un petit nombre est encore tu\u00e9&nbsp; pour la consommation, dans le golfe persique, sur les c\u00f4tes indiennes ou \u00e0 Madagascar, mais la pollution&nbsp; chimique voire acoustique de son habitat, reste la menace majeure de l\u2019esp\u00e8ce.<\/p>\n<p>Dans la mesure o\u00f9 ce dauphin&nbsp;se d\u00e9place en zones c\u00f4ti\u00e8res, il est aussi souvent victime des filets de p\u00eache et des filets maillants qui sont install\u00e9s pour prot\u00e9ger les plages des incursions des requins.<\/p>\n<p>Les \u00e9tudes&nbsp; restent rares mais celles effectu\u00e9es laissent appara\u00eetre une baisse sensible de la population.<\/p>\n<p><a href=\"https:\/\/naturkajak.com\/wp-content\/uploads\/2012\/10\/IMG_9341.jpg\"><img loading=\"lazy\" decoding=\"async\" class=\"alignnone size-medium wp-image-455\" alt=\"IMG_9341\" src=\"https:\/\/naturkajak.com\/wp-content\/uploads\/2012\/10\/IMG_9341-450x300.jpg\" width=\"450\" height=\"300\" srcset=\"https:\/\/naturkajak.com\/wp-content\/uploads\/2012\/10\/IMG_9341-450x300.jpg 450w, https:\/\/naturkajak.com\/wp-content\/uploads\/2012\/10\/IMG_9341-800x533.jpg 800w\" sizes=\"auto, (max-width: 450px) 100vw, 450px\" \/><\/a><\/p>\n<p>&nbsp;<\/p>\n<p>&nbsp;<\/p>\n<p align=\"center\"><b>Le Dauphin Indo-Pacifique<\/b><\/p>\n<p>Ordre : &nbsp;&nbsp;&nbsp;&nbsp;&nbsp;&nbsp;&nbsp;&nbsp;&nbsp;&nbsp;&nbsp;&nbsp;&nbsp;&nbsp;&nbsp;&nbsp;&nbsp;&nbsp;&nbsp;&nbsp;&nbsp; C\u00e9tac\u00e9s<\/p>\n<p>Famille : &nbsp;&nbsp;&nbsp;&nbsp;&nbsp;&nbsp;&nbsp;&nbsp;&nbsp;&nbsp;&nbsp;&nbsp;&nbsp;&nbsp;&nbsp;&nbsp;&nbsp;&nbsp;&nbsp; Delphinidae<\/p>\n<p>Sous Famille : &nbsp;&nbsp;&nbsp;&nbsp;&nbsp;&nbsp;&nbsp;&nbsp;&nbsp;&nbsp; delphininae<\/p>\n<p>Genre et esp\u00e8ce : &nbsp;&nbsp;&nbsp;&nbsp; tursiops aduncus<\/p>\n<p>&nbsp;<\/p>\n<p><b>1. Description <\/b><\/p>\n<p>Il a un corps relativement robuste, un rostre d\u2019une longueur moyenne.<\/p>\n<p>Une nageoire dorsale falciforme (en forme de faucille), contrairement au dauphin \u00e0 bosse.<\/p>\n<p><b>&nbsp;<\/b><\/p>\n<p><b>Sa couleur&nbsp;<\/b>: son \u00e9piderme est gris, plus sombre que le dauphin \u00e0 bosse.<\/p>\n<p>&nbsp;<\/p>\n<p><b>Sa taille :&nbsp;<\/b> peut \u00eatre variable suivant les r\u00e9gions,<\/p>\n<p>Pour les m\u00e2les&nbsp;: longueur et poids moyen de 2,38 m et 160 kg avec un maximum de 2,7 m et 230 kg (Jefferson et al. 2008).<\/p>\n<p>&nbsp;<\/p>\n<p><b>Long\u00e9vit\u00e9:<\/b> inconnue, probablement identique \u00e0 celle du grand dauphin soit une quarantaine d&#8217;ann\u00e9e pour les m\u00e2les et une cinquantaine pour les femelles.<\/p>\n<p>&nbsp;<\/p>\n<p><b>Vitesse de nage<\/b>: rapide<\/p>\n<p>&nbsp;<\/p>\n<p><b>Dentition:<\/b> La m\u00e2choire inf\u00e9rieure compte environ 40 dents.<\/p>\n<p>&nbsp;<\/p>\n<p><b>Particularit\u00e9s :<\/b> L&#8217;esp\u00e8ce n&#8217;est pas reconnue par l&#8217;IUCN. Pour de nombreux scientifiques ce n&#8217;est pas une esp\u00e8ce distincte. Pourtant l&#8217;ADN du grand dauphin de l&#8217;Oc\u00e9an Indien est diff\u00e9rent de celui du grand dauphin. De plus son caract\u00e8re serait plus proche des dauphins communs.<\/p>\n<p>&nbsp;<\/p>\n<p><b>Comportements courants<\/b> : Le grand dauphin de l&#8217;oc\u00e9an Indien est un animal actif qui aime les jeux. Des individus sautent parfois hors de l&#8217;eau. Ils aiment le surf d&#8217;\u00e9trave.<\/p>\n<p>&nbsp;<\/p>\n<p><b>2. R\u00e9partition g\u00e9ographique<\/b><\/p>\n<p>&nbsp;<\/p>\n<p>Son aire de r\u00e9partition est in\u00e9gale. Elle commence de la c\u00f4te orientale de l&#8217;Afrique, jusqu\u2019\u00e0 la mer Rouge et le golfe Persique.<\/p>\n<p>Plus loin, un autre groupe suite plus \u00e0 l&#8217;est&nbsp;: Taiwan \u00e0 l&#8217;Australie. Nous ne savons pas s\u2019il existe une jonction entre ces deux aires.<\/p>\n<p><a href=\"https:\/\/naturkajak.com\/wp-content\/uploads\/2012\/06\/IMG_3638.jpg\"><img loading=\"lazy\" decoding=\"async\" class=\"alignnone size-medium wp-image-346\" alt=\"IMG_3638\" src=\"https:\/\/naturkajak.com\/wp-content\/uploads\/2012\/06\/IMG_3638-449x300.jpg\" width=\"449\" height=\"300\" srcset=\"https:\/\/naturkajak.com\/wp-content\/uploads\/2012\/06\/IMG_3638-449x300.jpg 449w, https:\/\/naturkajak.com\/wp-content\/uploads\/2012\/06\/IMG_3638-800x534.jpg 800w\" sizes=\"auto, (max-width: 449px) 100vw, 449px\" \/><\/a><\/p>\n<p>&nbsp;<\/p>\n<div id=\"attachment_294\" style=\"width: 470px\" class=\"wp-caption alignnone\"><a href=\"https:\/\/naturkajak.com\/wp-content\/uploads\/2012\/06\/Musandam-Nature-Oman-Dauphin.jpg\"><img loading=\"lazy\" decoding=\"async\" aria-describedby=\"caption-attachment-294\" class=\"size-medium wp-image-294\" alt=\"Dauphin en face de Khasab au Musandam\" src=\"https:\/\/naturkajak.com\/wp-content\/uploads\/2012\/06\/Musandam-Nature-Oman-Dauphin-460x166.jpg\" width=\"460\" height=\"166\" srcset=\"https:\/\/naturkajak.com\/wp-content\/uploads\/2012\/06\/Musandam-Nature-Oman-Dauphin-460x166.jpg 460w, https:\/\/naturkajak.com\/wp-content\/uploads\/2012\/06\/Musandam-Nature-Oman-Dauphin-800x289.jpg 800w, https:\/\/naturkajak.com\/wp-content\/uploads\/2012\/06\/Musandam-Nature-Oman-Dauphin.jpg 1989w\" sizes=\"auto, (max-width: 460px) 100vw, 460px\" \/><\/a><p id=\"caption-attachment-294\" class=\"wp-caption-text\">Dauphin en face de Khasab au Musandam<\/p><\/div>\n","protected":false},"excerpt":{"rendered":"<p>Il existe deux sortes de dauphin que nous rencontrons au Musandam : Le dauphin \u00e0 bosse : Sousa Chinensi.que l&#8217;on [&hellip;]<\/p>\n","protected":false},"author":2,"featured_media":2322,"parent":0,"menu_order":0,"comment_status":"open","ping_status":"open","template":"","meta":{"footnotes":""},"class_list":["post-3389","page","type-page","status-publish","has-post-thumbnail","hentry"],"yoast_head":"<!-- This site is optimized with the Yoast SEO plugin v26.7 - https:\/\/yoast.com\/wordpress\/plugins\/seo\/ -->\n<title>Les dauphins - Naturkajak<\/title>\n<meta name=\"robots\" content=\"index, follow, max-snippet:-1, max-image-preview:large, max-video-preview:-1\" \/>\n<link rel=\"canonical\" href=\"https:\/\/naturkajak.com\/zh-hans\/les-dauphins\/\" \/>\n<meta property=\"og:locale\" content=\"zh_CN\" \/>\n<meta property=\"og:type\" content=\"article\" \/>\n<meta property=\"og:title\" content=\"Les dauphins - Naturkajak\" \/>\n<meta property=\"og:description\" content=\"Il existe deux sortes de dauphin que nous rencontrons au Musandam : Le dauphin \u00e0 bosse : Sousa Chinensi.que l&#8217;on [&hellip;]\" \/>\n<meta property=\"og:url\" content=\"https:\/\/naturkajak.com\/zh-hans\/les-dauphins\/\" \/>\n<meta property=\"og:site_name\" content=\"Naturkajak\" \/>\n<meta property=\"article:modified_time\" content=\"2021-05-25T17:12:27+00:00\" \/>\n<meta property=\"og:image\" content=\"https:\/\/naturkajak.com\/wp-content\/uploads\/2012\/10\/IMG_9341-800x533.jpg\" \/>\n\t<meta property=\"og:image:width\" content=\"800\" \/>\n\t<meta property=\"og:image:height\" content=\"533\" \/>\n\t<meta property=\"og:image:type\" content=\"image\/jpeg\" \/>\n<meta name=\"twitter:label1\" content=\"\u9884\u8ba1\u9605\u8bfb\u65f6\u95f4\" \/>\n\t<meta name=\"twitter:data1\" content=\"5 minutes\" \/>\n<script type=\"application\/ld+json\" class=\"yoast-schema-graph\">{\"@context\":\"https:\/\/schema.org\",\"@graph\":[{\"@type\":\"WebPage\",\"@id\":\"https:\/\/naturkajak.com\/zh-hans\/les-dauphins\/\",\"url\":\"https:\/\/naturkajak.com\/zh-hans\/les-dauphins\/\",\"name\":\"Les dauphins - Naturkajak\",\"isPartOf\":{\"@id\":\"https:\/\/naturkajak.com\/#website\"},\"primaryImageOfPage\":{\"@id\":\"https:\/\/naturkajak.com\/zh-hans\/les-dauphins\/#primaryimage\"},\"image\":{\"@id\":\"https:\/\/naturkajak.com\/zh-hans\/les-dauphins\/#primaryimage\"},\"thumbnailUrl\":\"https:\/\/naturkajak.com\/wp-content\/uploads\/2012\/10\/IMG_9341.jpg\",\"datePublished\":\"2012-10-05T08:37:52+00:00\",\"dateModified\":\"2021-05-25T17:12:27+00:00\",\"breadcrumb\":{\"@id\":\"https:\/\/naturkajak.com\/zh-hans\/les-dauphins\/#breadcrumb\"},\"inLanguage\":\"zh-CN\",\"potentialAction\":[{\"@type\":\"ReadAction\",\"target\":[\"https:\/\/naturkajak.com\/zh-hans\/les-dauphins\/\"]}]},{\"@type\":\"ImageObject\",\"inLanguage\":\"zh-CN\",\"@id\":\"https:\/\/naturkajak.com\/zh-hans\/les-dauphins\/#primaryimage\",\"url\":\"https:\/\/naturkajak.com\/wp-content\/uploads\/2012\/10\/IMG_9341.jpg\",\"contentUrl\":\"https:\/\/naturkajak.com\/wp-content\/uploads\/2012\/10\/IMG_9341.jpg\",\"width\":2592,\"height\":1728},{\"@type\":\"BreadcrumbList\",\"@id\":\"https:\/\/naturkajak.com\/zh-hans\/les-dauphins\/#breadcrumb\",\"itemListElement\":[{\"@type\":\"ListItem\",\"position\":1,\"name\":\"Accueil\",\"item\":\"https:\/\/naturkajak.com\/zh-hans\/\"},{\"@type\":\"ListItem\",\"position\":2,\"name\":\"Les dauphins\"}]},{\"@type\":\"WebSite\",\"@id\":\"https:\/\/naturkajak.com\/#website\",\"url\":\"https:\/\/naturkajak.com\/\",\"name\":\"Naturkajak\",\"description\":\"\",\"potentialAction\":[{\"@type\":\"SearchAction\",\"target\":{\"@type\":\"EntryPoint\",\"urlTemplate\":\"https:\/\/naturkajak.com\/?s={search_term_string}\"},\"query-input\":{\"@type\":\"PropertyValueSpecification\",\"valueRequired\":true,\"valueName\":\"search_term_string\"}}],\"inLanguage\":\"zh-CN\"}]}<\/script>\n<!-- \/ Yoast SEO plugin. -->","yoast_head_json":{"title":"Les dauphins - Naturkajak","robots":{"index":"index","follow":"follow","max-snippet":"max-snippet:-1","max-image-preview":"max-image-preview:large","max-video-preview":"max-video-preview:-1"},"canonical":"https:\/\/naturkajak.com\/zh-hans\/les-dauphins\/","og_locale":"zh_CN","og_type":"article","og_title":"Les dauphins - Naturkajak","og_description":"Il existe deux sortes de dauphin que nous rencontrons au Musandam : Le dauphin \u00e0 bosse : Sousa Chinensi.que l&#8217;on [&hellip;]","og_url":"https:\/\/naturkajak.com\/zh-hans\/les-dauphins\/","og_site_name":"Naturkajak","article_modified_time":"2021-05-25T17:12:27+00:00","og_image":[{"width":800,"height":533,"url":"https:\/\/naturkajak.com\/wp-content\/uploads\/2012\/10\/IMG_9341-800x533.jpg","type":"image\/jpeg"}],"twitter_misc":{"\u9884\u8ba1\u9605\u8bfb\u65f6\u95f4":"5 minutes"},"schema":{"@context":"https:\/\/schema.org","@graph":[{"@type":"WebPage","@id":"https:\/\/naturkajak.com\/zh-hans\/les-dauphins\/","url":"https:\/\/naturkajak.com\/zh-hans\/les-dauphins\/","name":"Les dauphins - Naturkajak","isPartOf":{"@id":"https:\/\/naturkajak.com\/#website"},"primaryImageOfPage":{"@id":"https:\/\/naturkajak.com\/zh-hans\/les-dauphins\/#primaryimage"},"image":{"@id":"https:\/\/naturkajak.com\/zh-hans\/les-dauphins\/#primaryimage"},"thumbnailUrl":"https:\/\/naturkajak.com\/wp-content\/uploads\/2012\/10\/IMG_9341.jpg","datePublished":"2012-10-05T08:37:52+00:00","dateModified":"2021-05-25T17:12:27+00:00","breadcrumb":{"@id":"https:\/\/naturkajak.com\/zh-hans\/les-dauphins\/#breadcrumb"},"inLanguage":"zh-CN","potentialAction":[{"@type":"ReadAction","target":["https:\/\/naturkajak.com\/zh-hans\/les-dauphins\/"]}]},{"@type":"ImageObject","inLanguage":"zh-CN","@id":"https:\/\/naturkajak.com\/zh-hans\/les-dauphins\/#primaryimage","url":"https:\/\/naturkajak.com\/wp-content\/uploads\/2012\/10\/IMG_9341.jpg","contentUrl":"https:\/\/naturkajak.com\/wp-content\/uploads\/2012\/10\/IMG_9341.jpg","width":2592,"height":1728},{"@type":"BreadcrumbList","@id":"https:\/\/naturkajak.com\/zh-hans\/les-dauphins\/#breadcrumb","itemListElement":[{"@type":"ListItem","position":1,"name":"Accueil","item":"https:\/\/naturkajak.com\/zh-hans\/"},{"@type":"ListItem","position":2,"name":"Les dauphins"}]},{"@type":"WebSite","@id":"https:\/\/naturkajak.com\/#website","url":"https:\/\/naturkajak.com\/","name":"Naturkajak","description":"","potentialAction":[{"@type":"SearchAction","target":{"@type":"EntryPoint","urlTemplate":"https:\/\/naturkajak.com\/?s={search_term_string}"},"query-input":{"@type":"PropertyValueSpecification","valueRequired":true,"valueName":"search_term_string"}}],"inLanguage":"zh-CN"}]}},"_links":{"self":[{"href":"https:\/\/naturkajak.com\/zh-hans\/wp-json\/wp\/v2\/pages\/3389","targetHints":{"allow":["GET"]}}],"collection":[{"href":"https:\/\/naturkajak.com\/zh-hans\/wp-json\/wp\/v2\/pages"}],"about":[{"href":"https:\/\/naturkajak.com\/zh-hans\/wp-json\/wp\/v2\/types\/page"}],"author":[{"embeddable":true,"href":"https:\/\/naturkajak.com\/zh-hans\/wp-json\/wp\/v2\/users\/2"}],"replies":[{"embeddable":true,"href":"https:\/\/naturkajak.com\/zh-hans\/wp-json\/wp\/v2\/comments?post=3389"}],"version-history":[{"count":2,"href":"https:\/\/naturkajak.com\/zh-hans\/wp-json\/wp\/v2\/pages\/3389\/revisions"}],"predecessor-version":[{"id":3616,"href":"https:\/\/naturkajak.com\/zh-hans\/wp-json\/wp\/v2\/pages\/3389\/revisions\/3616"}],"wp:featuredmedia":[{"embeddable":true,"href":"https:\/\/naturkajak.com\/zh-hans\/wp-json\/wp\/v2\/media\/2322"}],"wp:attachment":[{"href":"https:\/\/naturkajak.com\/zh-hans\/wp-json\/wp\/v2\/media?parent=3389"}],"curies":[{"name":"wp","href":"https:\/\/api.w.org\/{rel}","templated":true}]}}